{"id":708,"date":"2024-08-19T10:27:28","date_gmt":"2024-08-19T10:27:28","guid":{"rendered":"https:\/\/melvyn-dev.com\/website_75239282\/?post_type=product&#038;p=708"},"modified":"2024-08-19T17:55:16","modified_gmt":"2024-08-19T17:55:16","slug":"casquette-baseball-serge-coton-stretch","status":"publish","type":"product","link":"https:\/\/melvyn-dev.com\/website_75239282\/product\/casquette-baseball-serge-coton-stretch\/","title":{"rendered":"Casquette baseball serg\u00e9 coton stretch"},"content":{"rendered":"<p>\u00c9levez votre style avec la casquette Ralph Lauren, un mod\u00e8le alliant sophistication et confort. Con\u00e7ue pour ceux qui recherchent une \u00e9l\u00e9gance discr\u00e8te, cette casquette est fabriqu\u00e9e avec des mat\u00e9riaux de haute qualit\u00e9 pour garantir une durabilit\u00e9 exceptionnelle et un ajustement parfait.<\/p>\n","protected":false},"excerpt":{"rendered":"<p>\u00c9levez votre style avec la casquette Ralph Lauren, un mod\u00e8le alliant sophistication et confort. Con\u00e7ue pour ceux qui recherchent une \u00e9l\u00e9gance discr\u00e8te, cette casquette est fabriqu\u00e9e avec des mat\u00e9riaux de haute qualit\u00e9 pour garantir une durabilit\u00e9 exceptionnelle et un ajustement parfait.<\/p>\n","protected":false},"featured_media":710,"comment_status":"open","ping_status":"closed","template":"","meta":{"nf_dc_page":""},"product_brand":[],"product_cat":[49,35,38],"product_tag":[],"class_list":{"0":"post-708","1":"product","2":"type-product","3":"status-publish","4":"has-post-thumbnail","6":"product_cat-casquette","7":"product_cat-classiques","8":"product_cat-collection","10":"first","11":"instock","12":"taxable","13":"shipping-taxable","14":"purchasable","15":"product-type-variable"},"_links":{"self":[{"href":"https:\/\/melvyn-dev.com\/website_75239282\/wp-json\/wp\/v2\/product\/708","targetHints":{"allow":["GET"]}}],"collection":[{"href":"https:\/\/melvyn-dev.com\/website_75239282\/wp-json\/wp\/v2\/product"}],"about":[{"href":"https:\/\/melvyn-dev.com\/website_75239282\/wp-json\/wp\/v2\/types\/product"}],"replies":[{"embeddable":true,"href":"https:\/\/melvyn-dev.com\/website_75239282\/wp-json\/wp\/v2\/comments?post=708"}],"wp:featuredmedia":[{"embeddable":true,"href":"https:\/\/melvyn-dev.com\/website_75239282\/wp-json\/wp\/v2\/media\/710"}],"wp:attachment":[{"href":"https:\/\/melvyn-dev.com\/website_75239282\/wp-json\/wp\/v2\/media?parent=708"}],"wp:term":[{"taxonomy":"product_brand","embeddable":true,"href":"https:\/\/melvyn-dev.com\/website_75239282\/wp-json\/wp\/v2\/product_brand?post=708"},{"taxonomy":"product_cat","embeddable":true,"href":"https:\/\/melvyn-dev.com\/website_75239282\/wp-json\/wp\/v2\/product_cat?post=708"},{"taxonomy":"product_tag","embeddable":true,"href":"https:\/\/melvyn-dev.com\/website_75239282\/wp-json\/wp\/v2\/product_tag?post=708"}],"curies":[{"name":"wp","href":"https:\/\/api.w.org\/{rel}","templated":true}]}}