{"id":701,"date":"2024-08-19T09:45:32","date_gmt":"2024-08-19T09:45:32","guid":{"rendered":"https:\/\/melvyn-dev.com\/website_75239282\/?post_type=product&#038;p=701"},"modified":"2024-08-19T10:14:46","modified_gmt":"2024-08-19T10:14:46","slug":"milano-casquette","status":"publish","type":"product","link":"https:\/\/melvyn-dev.com\/website_75239282\/product\/milano-casquette\/","title":{"rendered":"MILANO &#8211; Casquette"},"content":{"rendered":"<p>Apportez une touche d&#8217;\u00e9l\u00e9gance italienne \u00e0 votre style avec la casquette MILANO. Con\u00e7ue pour allier confort et sophistication, cette casquette est fabriqu\u00e9e avec des mat\u00e9riaux de haute qualit\u00e9 pour une durabilit\u00e9 et un style intemporel. Son design \u00e9pur\u00e9 et sa coupe ajust\u00e9e en font un accessoire polyvalent, parfait pour compl\u00e9ter n\u2019importe quelle tenue, que ce soit pour une sortie d\u00e9contract\u00e9e ou une occasion sp\u00e9ciale.<\/p>\n","protected":false},"excerpt":{"rendered":"<p>Apportez une touche d&#8217;\u00e9l\u00e9gance italienne \u00e0 votre style avec la casquette MILANO. Con\u00e7ue pour allier confort et sophistication, cette casquette est fabriqu\u00e9e avec des mat\u00e9riaux de haute qualit\u00e9 pour une durabilit\u00e9 et un style intemporel. Son design \u00e9pur\u00e9 et sa coupe ajust\u00e9e en font un accessoire polyvalent, parfait pour compl\u00e9ter n\u2019importe quelle tenue, que ce [&hellip;]<\/p>\n","protected":false},"featured_media":704,"comment_status":"open","ping_status":"closed","template":"","meta":{"nf_dc_page":""},"product_brand":[],"product_cat":[35],"product_tag":[],"class_list":{"0":"post-701","1":"product","2":"type-product","3":"status-publish","4":"has-post-thumbnail","6":"product_cat-classiques","8":"first","9":"instock","10":"taxable","11":"shipping-taxable","12":"purchasable","13":"product-type-variable"},"_links":{"self":[{"href":"https:\/\/melvyn-dev.com\/website_75239282\/wp-json\/wp\/v2\/product\/701","targetHints":{"allow":["GET"]}}],"collection":[{"href":"https:\/\/melvyn-dev.com\/website_75239282\/wp-json\/wp\/v2\/product"}],"about":[{"href":"https:\/\/melvyn-dev.com\/website_75239282\/wp-json\/wp\/v2\/types\/product"}],"replies":[{"embeddable":true,"href":"https:\/\/melvyn-dev.com\/website_75239282\/wp-json\/wp\/v2\/comments?post=701"}],"wp:featuredmedia":[{"embeddable":true,"href":"https:\/\/melvyn-dev.com\/website_75239282\/wp-json\/wp\/v2\/media\/704"}],"wp:attachment":[{"href":"https:\/\/melvyn-dev.com\/website_75239282\/wp-json\/wp\/v2\/media?parent=701"}],"wp:term":[{"taxonomy":"product_brand","embeddable":true,"href":"https:\/\/melvyn-dev.com\/website_75239282\/wp-json\/wp\/v2\/product_brand?post=701"},{"taxonomy":"product_cat","embeddable":true,"href":"https:\/\/melvyn-dev.com\/website_75239282\/wp-json\/wp\/v2\/product_cat?post=701"},{"taxonomy":"product_tag","embeddable":true,"href":"https:\/\/melvyn-dev.com\/website_75239282\/wp-json\/wp\/v2\/product_tag?post=701"}],"curies":[{"name":"wp","href":"https:\/\/api.w.org\/{rel}","templated":true}]}}