{"id":601,"date":"2024-08-15T06:27:19","date_gmt":"2024-08-15T06:27:19","guid":{"rendered":"https:\/\/melvyn-dev.com\/website_75239282\/?post_type=product&#038;p=601"},"modified":"2024-08-20T08:14:18","modified_gmt":"2024-08-20T08:14:18","slug":"nike-air-cap","status":"publish","type":"product","link":"https:\/\/melvyn-dev.com\/website_75239282\/product\/nike-air-cap\/","title":{"rendered":"Nike Air Cap"},"content":{"rendered":"<p>La Nike Air Cap est con\u00e7ue pour ceux qui vivent l&#8217;action. Avec son design minimaliste et ses mat\u00e9riaux de haute qualit\u00e9, cette casquette offre un confort optimal et un style in\u00e9gal\u00e9, que ce soit sur le terrain ou dans la rue.<\/p>\n","protected":false},"excerpt":{"rendered":"<p>La Nike Air Cap est con\u00e7ue pour ceux qui vivent l&#8217;action. Avec son design minimaliste et ses mat\u00e9riaux de haute qualit\u00e9, cette casquette offre un confort optimal et un style in\u00e9gal\u00e9, que ce soit sur le terrain ou dans la rue.<\/p>\n","protected":false},"featured_media":603,"comment_status":"open","ping_status":"closed","template":"","meta":{"nf_dc_page":""},"product_brand":[],"product_cat":[49,35,39,36,37],"product_tag":[],"class_list":{"0":"post-601","1":"product","2":"type-product","3":"status-publish","4":"has-post-thumbnail","6":"product_cat-casquette","7":"product_cat-classiques","8":"product_cat-promotion","9":"product_cat-sport","10":"product_cat-streetwear","12":"first","13":"instock","14":"taxable","15":"shipping-taxable","16":"purchasable","17":"product-type-variable","18":"has-default-attributes"},"_links":{"self":[{"href":"https:\/\/melvyn-dev.com\/website_75239282\/wp-json\/wp\/v2\/product\/601","targetHints":{"allow":["GET"]}}],"collection":[{"href":"https:\/\/melvyn-dev.com\/website_75239282\/wp-json\/wp\/v2\/product"}],"about":[{"href":"https:\/\/melvyn-dev.com\/website_75239282\/wp-json\/wp\/v2\/types\/product"}],"replies":[{"embeddable":true,"href":"https:\/\/melvyn-dev.com\/website_75239282\/wp-json\/wp\/v2\/comments?post=601"}],"wp:featuredmedia":[{"embeddable":true,"href":"https:\/\/melvyn-dev.com\/website_75239282\/wp-json\/wp\/v2\/media\/603"}],"wp:attachment":[{"href":"https:\/\/melvyn-dev.com\/website_75239282\/wp-json\/wp\/v2\/media?parent=601"}],"wp:term":[{"taxonomy":"product_brand","embeddable":true,"href":"https:\/\/melvyn-dev.com\/website_75239282\/wp-json\/wp\/v2\/product_brand?post=601"},{"taxonomy":"product_cat","embeddable":true,"href":"https:\/\/melvyn-dev.com\/website_75239282\/wp-json\/wp\/v2\/product_cat?post=601"},{"taxonomy":"product_tag","embeddable":true,"href":"https:\/\/melvyn-dev.com\/website_75239282\/wp-json\/wp\/v2\/product_tag?post=601"}],"curies":[{"name":"wp","href":"https:\/\/api.w.org\/{rel}","templated":true}]}}